{"id":12,"date":"2021-01-13T11:43:54","date_gmt":"2021-01-13T10:43:54","guid":{"rendered":"http:\/\/dev.lightart-berlin.com\/?page_id=12"},"modified":"2021-08-29T17:48:47","modified_gmt":"2021-08-29T15:48:47","slug":"my-account","status":"publish","type":"page","link":"https:\/\/www.lightart-berlin.com\/de\/my-account\/","title":{"rendered":"MY ACCOUNT"},"content":{"rendered":"<div class=\"woocommerce\"><\/div>\n","protected":false},"excerpt":{"rendered":"","protected":false},"author":1,"featured_media":0,"parent":0,"menu_order":0,"comment_status":"closed","ping_status":"closed","template":"","meta":{"footnotes":""},"class_list":["post-12","page","type-page","status-publish","hentry"],"yoast_head":"<!-- This site is optimized with the Yoast SEO plugin v27.5 - https:\/\/yoast.com\/product\/yoast-seo-wordpress\/ -->\n<title>MY ACCOUNT - LIGHT ART BERLIN by Johann S. Walther<\/title>\n<meta name=\"robots\" content=\"noindex, follow\" \/>\n<meta property=\"og:locale\" content=\"de_DE\" \/>\n<meta property=\"og:type\" content=\"article\" \/>\n<meta property=\"og:title\" content=\"MY ACCOUNT - LIGHT ART BERLIN by Johann S. Walther\" \/>\n<meta property=\"og:url\" content=\"https:\/\/www.lightart-berlin.com\/de\/my-account\/\" \/>\n<meta property=\"og:site_name\" content=\"LIGHT ART BERLIN by Johann S. Walther\" \/>\n<meta property=\"article:modified_time\" content=\"2021-08-29T15:48:47+00:00\" \/>\n<meta name=\"twitter:card\" content=\"summary_large_image\" \/>\n<meta name=\"twitter:label1\" content=\"Gesch\u00e4tzte Lesezeit\" \/>\n\t<meta name=\"twitter:data1\" content=\"1\u00a0Minute\" \/>\n<script type=\"application\/ld+json\" class=\"yoast-schema-graph\">{\"@context\":\"https:\\\/\\\/schema.org\",\"@graph\":[{\"@type\":\"WebPage\",\"@id\":\"https:\\\/\\\/www.lightart-berlin.com\\\/de\\\/my-account\\\/\",\"url\":\"https:\\\/\\\/www.lightart-berlin.com\\\/de\\\/my-account\\\/\",\"name\":\"MY ACCOUNT - LIGHT ART BERLIN by Johann S. Walther\",\"isPartOf\":{\"@id\":\"https:\\\/\\\/www.lightart-berlin.com\\\/de\\\/#website\"},\"datePublished\":\"2021-01-13T10:43:54+00:00\",\"dateModified\":\"2021-08-29T15:48:47+00:00\",\"breadcrumb\":{\"@id\":\"https:\\\/\\\/www.lightart-berlin.com\\\/de\\\/my-account\\\/#breadcrumb\"},\"inLanguage\":\"de\",\"potentialAction\":[{\"@type\":\"ReadAction\",\"target\":[\"https:\\\/\\\/www.lightart-berlin.com\\\/de\\\/my-account\\\/\"]}]},{\"@type\":\"BreadcrumbList\",\"@id\":\"https:\\\/\\\/www.lightart-berlin.com\\\/de\\\/my-account\\\/#breadcrumb\",\"itemListElement\":[{\"@type\":\"ListItem\",\"position\":1,\"name\":\"Startseite\",\"item\":\"https:\\\/\\\/www.lightart-berlin.com\\\/de\\\/\"},{\"@type\":\"ListItem\",\"position\":2,\"name\":\"MY ACCOUNT\"}]},{\"@type\":\"WebSite\",\"@id\":\"https:\\\/\\\/www.lightart-berlin.com\\\/de\\\/#website\",\"url\":\"https:\\\/\\\/www.lightart-berlin.com\\\/de\\\/\",\"name\":\"LIGHT ART BERLIN by Johann S. Walther\",\"description\":\"Vision\u00e4re Lichtmalerei f\u00fcr positive Ver\u00e4nderung\",\"publisher\":{\"@id\":\"https:\\\/\\\/www.lightart-berlin.com\\\/de\\\/#organization\"},\"potentialAction\":[{\"@type\":\"SearchAction\",\"target\":{\"@type\":\"EntryPoint\",\"urlTemplate\":\"https:\\\/\\\/www.lightart-berlin.com\\\/de\\\/?s={search_term_string}\"},\"query-input\":{\"@type\":\"PropertyValueSpecification\",\"valueRequired\":true,\"valueName\":\"search_term_string\"}}],\"inLanguage\":\"de\"},{\"@type\":\"Organization\",\"@id\":\"https:\\\/\\\/www.lightart-berlin.com\\\/de\\\/#organization\",\"name\":\"LIGHTART BERLIN by Johann S. Walther\",\"url\":\"https:\\\/\\\/www.lightart-berlin.com\\\/de\\\/\",\"logo\":{\"@type\":\"ImageObject\",\"inLanguage\":\"de\",\"@id\":\"https:\\\/\\\/www.lightart-berlin.com\\\/de\\\/#\\\/schema\\\/logo\\\/image\\\/\",\"url\":\"https:\\\/\\\/www.lightart-berlin.com\\\/wp-content\\\/uploads\\\/2021\\\/01\\\/LA_Logo_web_black-1.png\",\"contentUrl\":\"https:\\\/\\\/www.lightart-berlin.com\\\/wp-content\\\/uploads\\\/2021\\\/01\\\/LA_Logo_web_black-1.png\",\"width\":600,\"height\":254,\"caption\":\"LIGHTART BERLIN by Johann S. Walther\"},\"image\":{\"@id\":\"https:\\\/\\\/www.lightart-berlin.com\\\/de\\\/#\\\/schema\\\/logo\\\/image\\\/\"}}]}<\/script>\n<!-- \/ Yoast SEO plugin. -->","yoast_head_json":{"title":"MY ACCOUNT - LIGHT ART BERLIN by Johann S. Walther","robots":{"index":"noindex","follow":"follow"},"og_locale":"de_DE","og_type":"article","og_title":"MY ACCOUNT - LIGHT ART BERLIN by Johann S. Walther","og_url":"https:\/\/www.lightart-berlin.com\/de\/my-account\/","og_site_name":"LIGHT ART BERLIN by Johann S. Walther","article_modified_time":"2021-08-29T15:48:47+00:00","twitter_card":"summary_large_image","twitter_misc":{"Gesch\u00e4tzte Lesezeit":"1\u00a0Minute"},"schema":{"@context":"https:\/\/schema.org","@graph":[{"@type":"WebPage","@id":"https:\/\/www.lightart-berlin.com\/de\/my-account\/","url":"https:\/\/www.lightart-berlin.com\/de\/my-account\/","name":"MY ACCOUNT - LIGHT ART BERLIN by Johann S. Walther","isPartOf":{"@id":"https:\/\/www.lightart-berlin.com\/de\/#website"},"datePublished":"2021-01-13T10:43:54+00:00","dateModified":"2021-08-29T15:48:47+00:00","breadcrumb":{"@id":"https:\/\/www.lightart-berlin.com\/de\/my-account\/#breadcrumb"},"inLanguage":"de","potentialAction":[{"@type":"ReadAction","target":["https:\/\/www.lightart-berlin.com\/de\/my-account\/"]}]},{"@type":"BreadcrumbList","@id":"https:\/\/www.lightart-berlin.com\/de\/my-account\/#breadcrumb","itemListElement":[{"@type":"ListItem","position":1,"name":"Startseite","item":"https:\/\/www.lightart-berlin.com\/de\/"},{"@type":"ListItem","position":2,"name":"MY ACCOUNT"}]},{"@type":"WebSite","@id":"https:\/\/www.lightart-berlin.com\/de\/#website","url":"https:\/\/www.lightart-berlin.com\/de\/","name":"LIGHT ART BERLIN by Johann S. Walther","description":"Vision\u00e4re Lichtmalerei f\u00fcr positive Ver\u00e4nderung","publisher":{"@id":"https:\/\/www.lightart-berlin.com\/de\/#organization"},"potentialAction":[{"@type":"SearchAction","target":{"@type":"EntryPoint","urlTemplate":"https:\/\/www.lightart-berlin.com\/de\/?s={search_term_string}"},"query-input":{"@type":"PropertyValueSpecification","valueRequired":true,"valueName":"search_term_string"}}],"inLanguage":"de"},{"@type":"Organization","@id":"https:\/\/www.lightart-berlin.com\/de\/#organization","name":"LIGHTART BERLIN by Johann S. Walther","url":"https:\/\/www.lightart-berlin.com\/de\/","logo":{"@type":"ImageObject","inLanguage":"de","@id":"https:\/\/www.lightart-berlin.com\/de\/#\/schema\/logo\/image\/","url":"https:\/\/www.lightart-berlin.com\/wp-content\/uploads\/2021\/01\/LA_Logo_web_black-1.png","contentUrl":"https:\/\/www.lightart-berlin.com\/wp-content\/uploads\/2021\/01\/LA_Logo_web_black-1.png","width":600,"height":254,"caption":"LIGHTART BERLIN by Johann S. Walther"},"image":{"@id":"https:\/\/www.lightart-berlin.com\/de\/#\/schema\/logo\/image\/"}}]}},"_links":{"self":[{"href":"https:\/\/www.lightart-berlin.com\/de\/wp-json\/wp\/v2\/pages\/12","targetHints":{"allow":["GET"]}}],"collection":[{"href":"https:\/\/www.lightart-berlin.com\/de\/wp-json\/wp\/v2\/pages"}],"about":[{"href":"https:\/\/www.lightart-berlin.com\/de\/wp-json\/wp\/v2\/types\/page"}],"author":[{"embeddable":true,"href":"https:\/\/www.lightart-berlin.com\/de\/wp-json\/wp\/v2\/users\/1"}],"replies":[{"embeddable":true,"href":"https:\/\/www.lightart-berlin.com\/de\/wp-json\/wp\/v2\/comments?post=12"}],"version-history":[{"count":2,"href":"https:\/\/www.lightart-berlin.com\/de\/wp-json\/wp\/v2\/pages\/12\/revisions"}],"predecessor-version":[{"id":6107,"href":"https:\/\/www.lightart-berlin.com\/de\/wp-json\/wp\/v2\/pages\/12\/revisions\/6107"}],"wp:attachment":[{"href":"https:\/\/www.lightart-berlin.com\/de\/wp-json\/wp\/v2\/media?parent=12"}],"curies":[{"name":"wp","href":"https:\/\/api.w.org\/{rel}","templated":true}]}}