{"id":4613,"date":"2021-02-16T15:36:50","date_gmt":"2021-02-16T14:36:50","guid":{"rendered":"http:\/\/dev.lightart-berlin.com\/?page_id=4613"},"modified":"2021-04-22T10:14:09","modified_gmt":"2021-04-22T08:14:09","slug":"versand-lieferung","status":"publish","type":"page","link":"https:\/\/www.lightart-berlin.com\/de\/versand-lieferung\/","title":{"rendered":"Versand und Lieferung"},"content":{"rendered":"\t\t<div data-elementor-type=\"wp-page\" data-elementor-id=\"4613\" class=\"elementor elementor-4613\" data-elementor-settings=\"[]\">\n\t\t\t\t\t\t<div class=\"elementor-inner\">\n\t\t\t\t\t\t\t<div class=\"elementor-section-wrap\">\n\t\t\t\t\t\t\t<section class=\"elementor-section elementor-top-section elementor-element elementor-element-c249735 elementor-section-boxed elementor-section-height-default elementor-section-height-default\" data-id=\"c249735\" data-element_type=\"section\">\n\t\t\t\t\t\t<div class=\"elementor-container elementor-column-gap-default\">\n\t\t\t\t\t\t\t<div class=\"elementor-row\">\n\t\t\t\t\t<div class=\"elementor-column elementor-col-100 elementor-top-column elementor-element elementor-element-4d54221\" data-id=\"4d54221\" data-element_type=\"column\">\n\t\t\t<div class=\"elementor-column-wrap elementor-element-populated\">\n\t\t\t\t\t\t\t<div class=\"elementor-widget-wrap\">\n\t\t\t\t\t\t<div class=\"elementor-element elementor-element-57cabc6 elementor-widget elementor-widget-spacer\" data-id=\"57cabc6\" data-element_type=\"widget\" data-widget_type=\"spacer.default\">\n\t\t\t\t<div class=\"elementor-widget-container\">\n\t\t\t\t\t<div class=\"elementor-spacer\">\n\t\t\t<div class=\"elementor-spacer-inner\"><\/div>\n\t\t<\/div>\n\t\t\t\t<\/div>\n\t\t\t\t<\/div>\n\t\t\t\t\t\t<\/div>\n\t\t\t\t\t<\/div>\n\t\t<\/div>\n\t\t\t\t\t\t\t\t<\/div>\n\t\t\t\t\t<\/div>\n\t\t<\/section>\n\t\t\t\t<section class=\"elementor-section elementor-top-section elementor-element elementor-element-fad883b elementor-section-boxed elementor-section-height-default elementor-section-height-default\" data-id=\"fad883b\" data-element_type=\"section\">\n\t\t\t\t\t\t<div class=\"elementor-container elementor-column-gap-default\">\n\t\t\t\t\t\t\t<div class=\"elementor-row\">\n\t\t\t\t\t<div class=\"elementor-column elementor-col-100 elementor-top-column elementor-element elementor-element-50a247a\" data-id=\"50a247a\" data-element_type=\"column\">\n\t\t\t<div class=\"elementor-column-wrap elementor-element-populated\">\n\t\t\t\t\t\t\t<div class=\"elementor-widget-wrap\">\n\t\t\t\t\t\t<div class=\"elementor-element elementor-element-a03ba98 elementor-widget elementor-widget-heading\" data-id=\"a03ba98\" data-element_type=\"widget\" data-widget_type=\"heading.default\">\n\t\t\t\t<div class=\"elementor-widget-container\">\n\t\t\t<h1 class=\"elementor-heading-title elementor-size-medium\">VERSAND UND LIEFERUNG<\/h1>\t\t<\/div>\n\t\t\t\t<\/div>\n\t\t\t\t\t\t<\/div>\n\t\t\t\t\t<\/div>\n\t\t<\/div>\n\t\t\t\t\t\t\t\t<\/div>\n\t\t\t\t\t<\/div>\n\t\t<\/section>\n\t\t\t\t<section class=\"elementor-section elementor-top-section elementor-element elementor-element-529c35b elementor-section-boxed elementor-section-height-default elementor-section-height-default\" data-id=\"529c35b\" data-element_type=\"section\">\n\t\t\t\t\t\t<div class=\"elementor-container elementor-column-gap-default\">\n\t\t\t\t\t\t\t<div class=\"elementor-row\">\n\t\t\t\t\t<div class=\"elementor-column elementor-col-100 elementor-top-column elementor-element elementor-element-80b7d0b\" data-id=\"80b7d0b\" data-element_type=\"column\">\n\t\t\t<div class=\"elementor-column-wrap elementor-element-populated\">\n\t\t\t\t\t\t\t<div class=\"elementor-widget-wrap\">\n\t\t\t\t\t\t<div class=\"elementor-element elementor-element-5678fe8 elementor-widget elementor-widget-heading\" data-id=\"5678fe8\" data-element_type=\"widget\" data-widget_type=\"heading.default\">\n\t\t\t\t<div class=\"elementor-widget-container\">\n\t\t\t<span class=\"elementor-heading-title elementor-size-default\">F\u00fcr Lieferungen <b>innerhalb Deutschlands<\/b> berechnet LIGHTART BERLIN by Johann S. Walther <b>keine Versandkosten<\/b>.\n\n<br><br>Die Versandkosten f\u00fcr Lieferungen in L\u00e4nder der EU betragen 49,-\u20ac.\n\n<br>Die Versandkosten f\u00fcr Lieferungen au\u00dferhalb der EU betragen 99,-\u20ac.\n\n<br><br>Bitte beachte, dass f\u00fcr Sendungen in Nicht-EU-L\u00e4nder (z.B. Schweiz) zus\u00e4tzliche Zoll- und Einfuhrgeb\u00fchren anfallen k\u00f6nnen.\n\n<br>Die entsprechenden Versandkosten werden Dir automatisch korrekt im Bestellprozess angezeigt.<\/span>\t\t<\/div>\n\t\t\t\t<\/div>\n\t\t\t\t\t\t<\/div>\n\t\t\t\t\t<\/div>\n\t\t<\/div>\n\t\t\t\t\t\t\t\t<\/div>\n\t\t\t\t\t<\/div>\n\t\t<\/section>\n\t\t\t\t<section class=\"elementor-section elementor-top-section elementor-element elementor-element-aaf011a elementor-section-boxed elementor-section-height-default elementor-section-height-default\" data-id=\"aaf011a\" data-element_type=\"section\">\n\t\t\t\t\t\t<div class=\"elementor-container elementor-column-gap-default\">\n\t\t\t\t\t\t\t<div class=\"elementor-row\">\n\t\t\t\t\t<div class=\"elementor-column elementor-col-100 elementor-top-column elementor-element elementor-element-c3f5b31\" data-id=\"c3f5b31\" data-element_type=\"column\">\n\t\t\t<div class=\"elementor-column-wrap elementor-element-populated\">\n\t\t\t\t\t\t\t<div class=\"elementor-widget-wrap\">\n\t\t\t\t\t\t<div class=\"elementor-element elementor-element-eee0c1e elementor-widget elementor-widget-spacer\" data-id=\"eee0c1e\" data-element_type=\"widget\" data-widget_type=\"spacer.default\">\n\t\t\t\t<div class=\"elementor-widget-container\">\n\t\t\t\t\t<div class=\"elementor-spacer\">\n\t\t\t<div class=\"elementor-spacer-inner\"><\/div>\n\t\t<\/div>\n\t\t\t\t<\/div>\n\t\t\t\t<\/div>\n\t\t\t\t\t\t<\/div>\n\t\t\t\t\t<\/div>\n\t\t<\/div>\n\t\t\t\t\t\t\t\t<\/div>\n\t\t\t\t\t<\/div>\n\t\t<\/section>\n\t\t\t\t<section class=\"elementor-section elementor-top-section elementor-element elementor-element-f1c58e7 elementor-section-boxed elementor-section-height-default elementor-section-height-default\" data-id=\"f1c58e7\" data-element_type=\"section\">\n\t\t\t\t\t\t<div class=\"elementor-container elementor-column-gap-default\">\n\t\t\t\t\t\t\t<div class=\"elementor-row\">\n\t\t\t\t\t<div class=\"elementor-column elementor-col-100 elementor-top-column elementor-element elementor-element-fbef5e6\" data-id=\"fbef5e6\" data-element_type=\"column\">\n\t\t\t<div class=\"elementor-column-wrap elementor-element-populated\">\n\t\t\t\t\t\t\t<div class=\"elementor-widget-wrap\">\n\t\t\t\t\t\t<div class=\"elementor-element elementor-element-4803ba2 elementor-widget elementor-widget-heading\" data-id=\"4803ba2\" data-element_type=\"widget\" data-widget_type=\"heading.default\">\n\t\t\t\t<div class=\"elementor-widget-container\">\n\t\t\t<h1 class=\"elementor-heading-title elementor-size-medium\">LIEFERZEITEN\u200b<\/h1>\t\t<\/div>\n\t\t\t\t<\/div>\n\t\t\t\t\t\t<\/div>\n\t\t\t\t\t<\/div>\n\t\t<\/div>\n\t\t\t\t\t\t\t\t<\/div>\n\t\t\t\t\t<\/div>\n\t\t<\/section>\n\t\t\t\t<section class=\"elementor-section elementor-top-section elementor-element elementor-element-c76a485 elementor-section-boxed elementor-section-height-default elementor-section-height-default\" data-id=\"c76a485\" data-element_type=\"section\">\n\t\t\t\t\t\t<div class=\"elementor-container elementor-column-gap-default\">\n\t\t\t\t\t\t\t<div class=\"elementor-row\">\n\t\t\t\t\t<div class=\"elementor-column elementor-col-100 elementor-top-column elementor-element elementor-element-3d72490\" data-id=\"3d72490\" data-element_type=\"column\">\n\t\t\t<div class=\"elementor-column-wrap elementor-element-populated\">\n\t\t\t\t\t\t\t<div class=\"elementor-widget-wrap\">\n\t\t\t\t\t\t<div class=\"elementor-element elementor-element-cf34b0b elementor-widget elementor-widget-heading\" data-id=\"cf34b0b\" data-element_type=\"widget\" data-widget_type=\"heading.default\">\n\t\t\t\t<div class=\"elementor-widget-container\">\n\t\t\t<span class=\"elementor-heading-title elementor-size-default\">Lieferzeiten f\u00fcr Deutschland\n<br>Die Lieferung an Dich erfolgt im Normalfall innerhalb von 7 bis 14 Werktagen ab dem Zeitpunkt Deiner Bestellung.\n\n<br>\n<br>Lieferzeiten f\u00fcr EU-L\u00e4nder\n<br> Innerhalb von 14 bis 21 Werktagen\n<br>\n<br>Lieferzeiten f\u00fcr Nicht-EU-L\u00e4nder\n<br> Innerhalb von 21 bis 28 Werktagen<br><\/span>\t\t<\/div>\n\t\t\t\t<\/div>\n\t\t\t\t\t\t<\/div>\n\t\t\t\t\t<\/div>\n\t\t<\/div>\n\t\t\t\t\t\t\t\t<\/div>\n\t\t\t\t\t<\/div>\n\t\t<\/section>\n\t\t\t\t<section class=\"elementor-section elementor-top-section elementor-element elementor-element-261c006 elementor-section-boxed elementor-section-height-default elementor-section-height-default\" data-id=\"261c006\" data-element_type=\"section\">\n\t\t\t\t\t\t<div class=\"elementor-container elementor-column-gap-default\">\n\t\t\t\t\t\t\t<div class=\"elementor-row\">\n\t\t\t\t\t<div class=\"elementor-column elementor-col-100 elementor-top-column elementor-element elementor-element-9f88cce\" data-id=\"9f88cce\" data-element_type=\"column\">\n\t\t\t<div class=\"elementor-column-wrap elementor-element-populated\">\n\t\t\t\t\t\t\t<div class=\"elementor-widget-wrap\">\n\t\t\t\t\t\t\t\t<\/div>\n\t\t\t\t\t<\/div>\n\t\t<\/div>\n\t\t\t\t\t\t\t\t<\/div>\n\t\t\t\t\t<\/div>\n\t\t<\/section>\n\t\t\t\t\t\t<\/div>\n\t\t\t\t\t\t<\/div>\n\t\t\t\t\t<\/div>\n\t\t","protected":false},"excerpt":{"rendered":"<p>VERSAND UND LIEFERUNG F\u00fcr Lieferungen innerhalb Deutschlands berechnet LIGHTART BERLIN by Johann S. Walther keine Versandkosten. Die Versandkosten f\u00fcr Lieferungen &hellip;<\/p>\n","protected":false},"author":1,"featured_media":0,"parent":0,"menu_order":0,"comment_status":"closed","ping_status":"closed","template":"","meta":{"footnotes":""},"class_list":["post-4613","page","type-page","status-publish","hentry"],"yoast_head":"<!-- This site is optimized with the Yoast SEO plugin v27.5 - https:\/\/yoast.com\/product\/yoast-seo-wordpress\/ -->\n<title>Versand und Lieferung - LIGHT ART BERLIN by Johann S. Walther<\/title>\n<meta name=\"description\" content=\"Erfahre mehr zum Thema Versand und Lieferung meiner Lichtmalereien.\" \/>\n<meta name=\"robots\" content=\"index, follow, max-snippet:-1, max-image-preview:large, max-video-preview:-1\" \/>\n<link rel=\"canonical\" href=\"https:\/\/www.lightart-berlin.com\/de\/versand-lieferung\/\" \/>\n<meta property=\"og:locale\" content=\"de_DE\" \/>\n<meta property=\"og:type\" content=\"article\" \/>\n<meta property=\"og:title\" content=\"Versand und Lieferung - LIGHT ART BERLIN by Johann S. Walther\" \/>\n<meta property=\"og:description\" content=\"Erfahre mehr zum Thema Versand und Lieferung meiner Lichtmalereien.\" \/>\n<meta property=\"og:url\" content=\"https:\/\/www.lightart-berlin.com\/de\/versand-lieferung\/\" \/>\n<meta property=\"og:site_name\" content=\"LIGHT ART BERLIN by Johann S. Walther\" \/>\n<meta property=\"article:modified_time\" content=\"2021-04-22T08:14:09+00:00\" \/>\n<meta name=\"twitter:card\" content=\"summary_large_image\" \/>\n<meta name=\"twitter:label1\" content=\"Gesch\u00e4tzte Lesezeit\" \/>\n\t<meta name=\"twitter:data1\" content=\"1\u00a0Minute\" \/>\n<script type=\"application\/ld+json\" class=\"yoast-schema-graph\">{\"@context\":\"https:\\\/\\\/schema.org\",\"@graph\":[{\"@type\":\"WebPage\",\"@id\":\"https:\\\/\\\/www.lightart-berlin.com\\\/de\\\/versand-lieferung\\\/\",\"url\":\"https:\\\/\\\/www.lightart-berlin.com\\\/de\\\/versand-lieferung\\\/\",\"name\":\"Versand und Lieferung - LIGHT ART BERLIN by Johann S. Walther\",\"isPartOf\":{\"@id\":\"https:\\\/\\\/www.lightart-berlin.com\\\/de\\\/#website\"},\"datePublished\":\"2021-02-16T14:36:50+00:00\",\"dateModified\":\"2021-04-22T08:14:09+00:00\",\"description\":\"Erfahre mehr zum Thema Versand und Lieferung meiner Lichtmalereien.\",\"breadcrumb\":{\"@id\":\"https:\\\/\\\/www.lightart-berlin.com\\\/de\\\/versand-lieferung\\\/#breadcrumb\"},\"inLanguage\":\"de\",\"potentialAction\":[{\"@type\":\"ReadAction\",\"target\":[\"https:\\\/\\\/www.lightart-berlin.com\\\/de\\\/versand-lieferung\\\/\"]}]},{\"@type\":\"BreadcrumbList\",\"@id\":\"https:\\\/\\\/www.lightart-berlin.com\\\/de\\\/versand-lieferung\\\/#breadcrumb\",\"itemListElement\":[{\"@type\":\"ListItem\",\"position\":1,\"name\":\"Startseite\",\"item\":\"https:\\\/\\\/www.lightart-berlin.com\\\/de\\\/\"},{\"@type\":\"ListItem\",\"position\":2,\"name\":\"Versand und Lieferung\"}]},{\"@type\":\"WebSite\",\"@id\":\"https:\\\/\\\/www.lightart-berlin.com\\\/de\\\/#website\",\"url\":\"https:\\\/\\\/www.lightart-berlin.com\\\/de\\\/\",\"name\":\"LIGHT ART BERLIN by Johann S. Walther\",\"description\":\"Vision\u00e4re Lichtmalerei f\u00fcr positive Ver\u00e4nderung\",\"publisher\":{\"@id\":\"https:\\\/\\\/www.lightart-berlin.com\\\/de\\\/#organization\"},\"potentialAction\":[{\"@type\":\"SearchAction\",\"target\":{\"@type\":\"EntryPoint\",\"urlTemplate\":\"https:\\\/\\\/www.lightart-berlin.com\\\/de\\\/?s={search_term_string}\"},\"query-input\":{\"@type\":\"PropertyValueSpecification\",\"valueRequired\":true,\"valueName\":\"search_term_string\"}}],\"inLanguage\":\"de\"},{\"@type\":\"Organization\",\"@id\":\"https:\\\/\\\/www.lightart-berlin.com\\\/de\\\/#organization\",\"name\":\"LIGHTART BERLIN by Johann S. Walther\",\"url\":\"https:\\\/\\\/www.lightart-berlin.com\\\/de\\\/\",\"logo\":{\"@type\":\"ImageObject\",\"inLanguage\":\"de\",\"@id\":\"https:\\\/\\\/www.lightart-berlin.com\\\/de\\\/#\\\/schema\\\/logo\\\/image\\\/\",\"url\":\"https:\\\/\\\/www.lightart-berlin.com\\\/wp-content\\\/uploads\\\/2021\\\/01\\\/LA_Logo_web_black-1.png\",\"contentUrl\":\"https:\\\/\\\/www.lightart-berlin.com\\\/wp-content\\\/uploads\\\/2021\\\/01\\\/LA_Logo_web_black-1.png\",\"width\":600,\"height\":254,\"caption\":\"LIGHTART BERLIN by Johann S. Walther\"},\"image\":{\"@id\":\"https:\\\/\\\/www.lightart-berlin.com\\\/de\\\/#\\\/schema\\\/logo\\\/image\\\/\"}}]}<\/script>\n<!-- \/ Yoast SEO plugin. -->","yoast_head_json":{"title":"Versand und Lieferung - LIGHT ART BERLIN by Johann S. Walther","description":"Erfahre mehr zum Thema Versand und Lieferung meiner Lichtmalereien.","robots":{"index":"index","follow":"follow","max-snippet":"max-snippet:-1","max-image-preview":"max-image-preview:large","max-video-preview":"max-video-preview:-1"},"canonical":"https:\/\/www.lightart-berlin.com\/de\/versand-lieferung\/","og_locale":"de_DE","og_type":"article","og_title":"Versand und Lieferung - LIGHT ART BERLIN by Johann S. Walther","og_description":"Erfahre mehr zum Thema Versand und Lieferung meiner Lichtmalereien.","og_url":"https:\/\/www.lightart-berlin.com\/de\/versand-lieferung\/","og_site_name":"LIGHT ART BERLIN by Johann S. Walther","article_modified_time":"2021-04-22T08:14:09+00:00","twitter_card":"summary_large_image","twitter_misc":{"Gesch\u00e4tzte Lesezeit":"1\u00a0Minute"},"schema":{"@context":"https:\/\/schema.org","@graph":[{"@type":"WebPage","@id":"https:\/\/www.lightart-berlin.com\/de\/versand-lieferung\/","url":"https:\/\/www.lightart-berlin.com\/de\/versand-lieferung\/","name":"Versand und Lieferung - LIGHT ART BERLIN by Johann S. Walther","isPartOf":{"@id":"https:\/\/www.lightart-berlin.com\/de\/#website"},"datePublished":"2021-02-16T14:36:50+00:00","dateModified":"2021-04-22T08:14:09+00:00","description":"Erfahre mehr zum Thema Versand und Lieferung meiner Lichtmalereien.","breadcrumb":{"@id":"https:\/\/www.lightart-berlin.com\/de\/versand-lieferung\/#breadcrumb"},"inLanguage":"de","potentialAction":[{"@type":"ReadAction","target":["https:\/\/www.lightart-berlin.com\/de\/versand-lieferung\/"]}]},{"@type":"BreadcrumbList","@id":"https:\/\/www.lightart-berlin.com\/de\/versand-lieferung\/#breadcrumb","itemListElement":[{"@type":"ListItem","position":1,"name":"Startseite","item":"https:\/\/www.lightart-berlin.com\/de\/"},{"@type":"ListItem","position":2,"name":"Versand und Lieferung"}]},{"@type":"WebSite","@id":"https:\/\/www.lightart-berlin.com\/de\/#website","url":"https:\/\/www.lightart-berlin.com\/de\/","name":"LIGHT ART BERLIN by Johann S. Walther","description":"Vision\u00e4re Lichtmalerei f\u00fcr positive Ver\u00e4nderung","publisher":{"@id":"https:\/\/www.lightart-berlin.com\/de\/#organization"},"potentialAction":[{"@type":"SearchAction","target":{"@type":"EntryPoint","urlTemplate":"https:\/\/www.lightart-berlin.com\/de\/?s={search_term_string}"},"query-input":{"@type":"PropertyValueSpecification","valueRequired":true,"valueName":"search_term_string"}}],"inLanguage":"de"},{"@type":"Organization","@id":"https:\/\/www.lightart-berlin.com\/de\/#organization","name":"LIGHTART BERLIN by Johann S. Walther","url":"https:\/\/www.lightart-berlin.com\/de\/","logo":{"@type":"ImageObject","inLanguage":"de","@id":"https:\/\/www.lightart-berlin.com\/de\/#\/schema\/logo\/image\/","url":"https:\/\/www.lightart-berlin.com\/wp-content\/uploads\/2021\/01\/LA_Logo_web_black-1.png","contentUrl":"https:\/\/www.lightart-berlin.com\/wp-content\/uploads\/2021\/01\/LA_Logo_web_black-1.png","width":600,"height":254,"caption":"LIGHTART BERLIN by Johann S. Walther"},"image":{"@id":"https:\/\/www.lightart-berlin.com\/de\/#\/schema\/logo\/image\/"}}]}},"_links":{"self":[{"href":"https:\/\/www.lightart-berlin.com\/de\/wp-json\/wp\/v2\/pages\/4613","targetHints":{"allow":["GET"]}}],"collection":[{"href":"https:\/\/www.lightart-berlin.com\/de\/wp-json\/wp\/v2\/pages"}],"about":[{"href":"https:\/\/www.lightart-berlin.com\/de\/wp-json\/wp\/v2\/types\/page"}],"author":[{"embeddable":true,"href":"https:\/\/www.lightart-berlin.com\/de\/wp-json\/wp\/v2\/users\/1"}],"replies":[{"embeddable":true,"href":"https:\/\/www.lightart-berlin.com\/de\/wp-json\/wp\/v2\/comments?post=4613"}],"version-history":[{"count":50,"href":"https:\/\/www.lightart-berlin.com\/de\/wp-json\/wp\/v2\/pages\/4613\/revisions"}],"predecessor-version":[{"id":6112,"href":"https:\/\/www.lightart-berlin.com\/de\/wp-json\/wp\/v2\/pages\/4613\/revisions\/6112"}],"wp:attachment":[{"href":"https:\/\/www.lightart-berlin.com\/de\/wp-json\/wp\/v2\/media?parent=4613"}],"curies":[{"name":"wp","href":"https:\/\/api.w.org\/{rel}","templated":true}]}}